{"id":559,"date":"2024-11-05T14:18:47","date_gmt":"2024-11-05T14:18:47","guid":{"rendered":"https:\/\/panawi.com\/producto\/libreta-creativa-paola\/"},"modified":"2025-08-29T23:01:48","modified_gmt":"2025-08-29T23:01:48","slug":"libreta-creativa-paola","status":"publish","type":"product","link":"https:\/\/panawi.com\/en\/producto\/libreta-creativa-paola\/","title":{"rendered":"Libreta Creativa Paola"},"content":{"rendered":"","protected":false},"excerpt":{"rendered":"<p>Libreta \u00fanica, dise\u00f1ada para inspirar tus ideas y proyectos visuales.<\/p>\n","protected":false},"featured_media":560,"comment_status":"open","ping_status":"closed","template":"","meta":{"_acf_changed":false,"iawp_total_views":2},"marca":[84,44],"product_brand":[],"product_cat":[17],"product_tag":[85,48,56],"class_list":{"0":"post-559","1":"product","2":"type-product","3":"status-publish","4":"has-post-thumbnail","6":"marca-creative","7":"marca-panawi","8":"product_cat-sin-categorizar","9":"product_tag-diseno3d","10":"product_tag-fotografia","11":"product_tag-libretas","13":"first","14":"instock","15":"shipping-taxable","16":"purchasable","17":"product-type-simple"},"acf":[],"yoast_head":"<!-- This site is optimized with the Yoast SEO plugin v27.4 - https:\/\/yoast.com\/product\/yoast-seo-wordpress\/ -->\n<title>Libreta Creativa Paola - Dise\u00f1o \u00danico | Panawi<\/title>\n<meta name=\"description\" content=\"Descubre la Libreta Creativa Paola: inspira tus ideas y proyectos visuales con este dise\u00f1o \u00fanico. Env\u00edo gratis y 100 d\u00edas de devoluci\u00f3n garantizada.\" \/>\n<meta name=\"robots\" content=\"index, follow, max-snippet:-1, max-image-preview:large, max-video-preview:-1\" \/>\n<link rel=\"canonical\" href=\"https:\/\/panawi.com\/en\/producto\/libreta-creativa-paola\/\" \/>\n<meta property=\"og:locale\" content=\"en_US\" \/>\n<meta property=\"og:type\" content=\"article\" \/>\n<meta property=\"og:title\" content=\"Libreta Creativa Paola - Dise\u00f1o \u00danico | Panawi\" \/>\n<meta property=\"og:description\" content=\"Descubre la Libreta Creativa Paola: inspira tus ideas y proyectos visuales con este dise\u00f1o \u00fanico. Env\u00edo gratis y 100 d\u00edas de devoluci\u00f3n garantizada.\" \/>\n<meta property=\"og:url\" content=\"https:\/\/panawi.com\/en\/producto\/libreta-creativa-paola\/\" \/>\n<meta property=\"og:site_name\" content=\"panawi\" \/>\n<meta property=\"article:modified_time\" content=\"2025-08-29T23:01:48+00:00\" \/>\n<meta property=\"og:image\" content=\"https:\/\/panawi.com\/wp-content\/uploads\/2024\/11\/Leonardo_Vision_XL_Crea_una_imagen_de_una_libreta_creativa_con_0.jpg\" \/>\n\t<meta property=\"og:image:width\" content=\"1792\" \/>\n\t<meta property=\"og:image:height\" content=\"1456\" \/>\n\t<meta property=\"og:image:type\" content=\"image\/jpeg\" \/>\n<meta name=\"twitter:card\" content=\"summary_large_image\" \/>\n<!-- \/ Yoast SEO plugin. -->","yoast_head_json":{"title":"Libreta Creativa Paola - Dise\u00f1o \u00danico | Panawi","description":"Descubre la Libreta Creativa Paola: inspira tus ideas y proyectos visuales con este dise\u00f1o \u00fanico. Env\u00edo gratis y 100 d\u00edas de devoluci\u00f3n garantizada.","robots":{"index":"index","follow":"follow","max-snippet":"max-snippet:-1","max-image-preview":"max-image-preview:large","max-video-preview":"max-video-preview:-1"},"canonical":"https:\/\/panawi.com\/en\/producto\/libreta-creativa-paola\/","og_locale":"en_US","og_type":"article","og_title":"Libreta Creativa Paola - Dise\u00f1o \u00danico | Panawi","og_description":"Descubre la Libreta Creativa Paola: inspira tus ideas y proyectos visuales con este dise\u00f1o \u00fanico. Env\u00edo gratis y 100 d\u00edas de devoluci\u00f3n garantizada.","og_url":"https:\/\/panawi.com\/en\/producto\/libreta-creativa-paola\/","og_site_name":"panawi","article_modified_time":"2025-08-29T23:01:48+00:00","og_image":[{"width":1792,"height":1456,"url":"https:\/\/panawi.com\/wp-content\/uploads\/2024\/11\/Leonardo_Vision_XL_Crea_una_imagen_de_una_libreta_creativa_con_0.jpg","type":"image\/jpeg"}],"twitter_card":"summary_large_image","schema":{"@context":"https:\/\/schema.org","@graph":[{"@type":"WebPage","@id":"https:\/\/panawi.com\/en\/producto\/libreta-creativa-paola\/","url":"https:\/\/panawi.com\/en\/producto\/libreta-creativa-paola\/","name":"Libreta Creativa Paola - Dise\u00f1o \u00danico | Panawi","isPartOf":{"@id":"https:\/\/panawi.com\/en\/#website"},"primaryImageOfPage":{"@id":"https:\/\/panawi.com\/en\/producto\/libreta-creativa-paola\/#primaryimage"},"image":{"@id":"https:\/\/panawi.com\/en\/producto\/libreta-creativa-paola\/#primaryimage"},"thumbnailUrl":"https:\/\/panawi.com\/wp-content\/uploads\/2024\/11\/Leonardo_Vision_XL_Crea_una_imagen_de_una_libreta_creativa_con_0.jpg","datePublished":"2024-11-05T14:18:47+00:00","dateModified":"2025-08-29T23:01:48+00:00","description":"Descubre la Libreta Creativa Paola: inspira tus ideas y proyectos visuales con este dise\u00f1o \u00fanico. Env\u00edo gratis y 100 d\u00edas de devoluci\u00f3n garantizada.","breadcrumb":{"@id":"https:\/\/panawi.com\/en\/producto\/libreta-creativa-paola\/#breadcrumb"},"inLanguage":"en-US","potentialAction":[{"@type":"ReadAction","target":["https:\/\/panawi.com\/en\/producto\/libreta-creativa-paola\/"]}]},{"@type":"ImageObject","inLanguage":"en-US","@id":"https:\/\/panawi.com\/en\/producto\/libreta-creativa-paola\/#primaryimage","url":"https:\/\/panawi.com\/wp-content\/uploads\/2024\/11\/Leonardo_Vision_XL_Crea_una_imagen_de_una_libreta_creativa_con_0.jpg","contentUrl":"https:\/\/panawi.com\/wp-content\/uploads\/2024\/11\/Leonardo_Vision_XL_Crea_una_imagen_de_una_libreta_creativa_con_0.jpg","width":1792,"height":1456},{"@type":"BreadcrumbList","@id":"https:\/\/panawi.com\/en\/producto\/libreta-creativa-paola\/#breadcrumb","itemListElement":[{"@type":"ListItem","position":1,"name":"Portada","item":"https:\/\/panawi.com\/en\/"},{"@type":"ListItem","position":2,"name":"Tienda","item":"https:\/\/panawi.com\/tienda\/"},{"@type":"ListItem","position":3,"name":"Libreta Creativa Paola"}]},{"@type":"WebSite","@id":"https:\/\/panawi.com\/en\/#website","url":"https:\/\/panawi.com\/en\/","name":"panawi","description":"","potentialAction":[{"@type":"SearchAction","target":{"@type":"EntryPoint","urlTemplate":"https:\/\/panawi.com\/en\/?s={search_term_string}"},"query-input":{"@type":"PropertyValueSpecification","valueRequired":true,"valueName":"search_term_string"}}],"inLanguage":"en-US"}]}},"_links":{"self":[{"href":"https:\/\/panawi.com\/en\/wp-json\/wp\/v2\/product\/559","targetHints":{"allow":["GET"]}}],"collection":[{"href":"https:\/\/panawi.com\/en\/wp-json\/wp\/v2\/product"}],"about":[{"href":"https:\/\/panawi.com\/en\/wp-json\/wp\/v2\/types\/product"}],"replies":[{"embeddable":true,"href":"https:\/\/panawi.com\/en\/wp-json\/wp\/v2\/comments?post=559"}],"wp:featuredmedia":[{"embeddable":true,"href":"https:\/\/panawi.com\/en\/wp-json\/wp\/v2\/media\/560"}],"wp:attachment":[{"href":"https:\/\/panawi.com\/en\/wp-json\/wp\/v2\/media?parent=559"}],"wp:term":[{"taxonomy":"marca","embeddable":true,"href":"https:\/\/panawi.com\/en\/wp-json\/wp\/v2\/marca?post=559"},{"taxonomy":"product_brand","embeddable":true,"href":"https:\/\/panawi.com\/en\/wp-json\/wp\/v2\/product_brand?post=559"},{"taxonomy":"product_cat","embeddable":true,"href":"https:\/\/panawi.com\/en\/wp-json\/wp\/v2\/product_cat?post=559"},{"taxonomy":"product_tag","embeddable":true,"href":"https:\/\/panawi.com\/en\/wp-json\/wp\/v2\/product_tag?post=559"}],"curies":[{"name":"wp","href":"https:\/\/api.w.org\/{rel}","templated":true}]}}