{"id":528,"date":"2024-11-05T14:16:03","date_gmt":"2024-11-05T14:16:03","guid":{"rendered":"https:\/\/panawi.com\/producto\/totem-bag-creativo-para-fans-del-diseno-visual\/"},"modified":"2025-08-29T23:02:10","modified_gmt":"2025-08-29T23:02:10","slug":"totem-bag-creativo-para-fans-del-diseno-visual","status":"publish","type":"product","link":"https:\/\/panawi.com\/en\/producto\/totem-bag-creativo-para-fans-del-diseno-visual\/","title":{"rendered":"Totem Bag Creativo para Fans del Dise\u00f1o Visual"},"content":{"rendered":"","protected":false},"excerpt":{"rendered":"<p>Totem Bag que combina estilo y pasi\u00f3n por el dise\u00f1o visual.<\/p>\n","protected":false},"featured_media":529,"comment_status":"open","ping_status":"closed","template":"","meta":{"_acf_changed":false,"iawp_total_views":2},"marca":[45,44],"product_brand":[],"product_cat":[17],"product_tag":[53,48,58],"class_list":{"0":"post-528","1":"product","2":"type-product","3":"status-publish","4":"has-post-thumbnail","6":"marca-creativa","7":"marca-panawi","8":"product_cat-sin-categorizar","9":"product_tag-branding","10":"product_tag-fotografia","11":"product_tag-innovacion","13":"first","14":"instock","15":"sale","16":"shipping-taxable","17":"purchasable","18":"product-type-simple"},"acf":[],"yoast_head":"<!-- This site is optimized with the Yoast SEO plugin v27.4 - https:\/\/yoast.com\/product\/yoast-seo-wordpress\/ -->\n<title>Totem Bag Creativo | Panawi<\/title>\n<meta name=\"description\" content=\"Descubre el Totem Bag para apasionados del dise\u00f1o visual a solo 95,50 \u20ac. Oferta exclusiva en panawi. Estilo moderno y calidad garantizada.\" \/>\n<meta name=\"robots\" content=\"index, follow, max-snippet:-1, max-image-preview:large, max-video-preview:-1\" \/>\n<link rel=\"canonical\" href=\"https:\/\/panawi.com\/en\/producto\/totem-bag-creativo-para-fans-del-diseno-visual\/\" \/>\n<meta property=\"og:locale\" content=\"en_US\" \/>\n<meta property=\"og:type\" content=\"article\" \/>\n<meta property=\"og:title\" content=\"Totem Bag Creativo | Panawi\" \/>\n<meta property=\"og:description\" content=\"Descubre el Totem Bag para apasionados del dise\u00f1o visual a solo 95,50 \u20ac. Oferta exclusiva en panawi. Estilo moderno y calidad garantizada.\" \/>\n<meta property=\"og:url\" content=\"https:\/\/panawi.com\/en\/producto\/totem-bag-creativo-para-fans-del-diseno-visual\/\" \/>\n<meta property=\"og:site_name\" content=\"panawi\" \/>\n<meta property=\"article:modified_time\" content=\"2025-08-29T23:02:10+00:00\" \/>\n<meta property=\"og:image\" content=\"https:\/\/panawi.com\/wp-content\/uploads\/2024\/11\/Leonardo_Vision_XL_Una_bolsa_Totem_creativa_de_estilo_moderno_0.jpg\" \/>\n\t<meta property=\"og:image:width\" content=\"1792\" \/>\n\t<meta property=\"og:image:height\" content=\"1456\" \/>\n\t<meta property=\"og:image:type\" content=\"image\/jpeg\" \/>\n<meta name=\"twitter:card\" content=\"summary_large_image\" \/>\n<!-- \/ Yoast SEO plugin. -->","yoast_head_json":{"title":"Totem Bag Creativo | Panawi","description":"Descubre el Totem Bag para apasionados del dise\u00f1o visual a solo 95,50 \u20ac. Oferta exclusiva en panawi. Estilo moderno y calidad garantizada.","robots":{"index":"index","follow":"follow","max-snippet":"max-snippet:-1","max-image-preview":"max-image-preview:large","max-video-preview":"max-video-preview:-1"},"canonical":"https:\/\/panawi.com\/en\/producto\/totem-bag-creativo-para-fans-del-diseno-visual\/","og_locale":"en_US","og_type":"article","og_title":"Totem Bag Creativo | Panawi","og_description":"Descubre el Totem Bag para apasionados del dise\u00f1o visual a solo 95,50 \u20ac. Oferta exclusiva en panawi. Estilo moderno y calidad garantizada.","og_url":"https:\/\/panawi.com\/en\/producto\/totem-bag-creativo-para-fans-del-diseno-visual\/","og_site_name":"panawi","article_modified_time":"2025-08-29T23:02:10+00:00","og_image":[{"width":1792,"height":1456,"url":"https:\/\/panawi.com\/wp-content\/uploads\/2024\/11\/Leonardo_Vision_XL_Una_bolsa_Totem_creativa_de_estilo_moderno_0.jpg","type":"image\/jpeg"}],"twitter_card":"summary_large_image","schema":{"@context":"https:\/\/schema.org","@graph":[{"@type":"WebPage","@id":"https:\/\/panawi.com\/en\/producto\/totem-bag-creativo-para-fans-del-diseno-visual\/","url":"https:\/\/panawi.com\/en\/producto\/totem-bag-creativo-para-fans-del-diseno-visual\/","name":"Totem Bag Creativo | Panawi","isPartOf":{"@id":"https:\/\/panawi.com\/en\/#website"},"primaryImageOfPage":{"@id":"https:\/\/panawi.com\/en\/producto\/totem-bag-creativo-para-fans-del-diseno-visual\/#primaryimage"},"image":{"@id":"https:\/\/panawi.com\/en\/producto\/totem-bag-creativo-para-fans-del-diseno-visual\/#primaryimage"},"thumbnailUrl":"https:\/\/panawi.com\/wp-content\/uploads\/2024\/11\/Leonardo_Vision_XL_Una_bolsa_Totem_creativa_de_estilo_moderno_0.jpg","datePublished":"2024-11-05T14:16:03+00:00","dateModified":"2025-08-29T23:02:10+00:00","description":"Descubre el Totem Bag para apasionados del dise\u00f1o visual a solo 95,50 \u20ac. Oferta exclusiva en panawi. Estilo moderno y calidad garantizada.","breadcrumb":{"@id":"https:\/\/panawi.com\/en\/producto\/totem-bag-creativo-para-fans-del-diseno-visual\/#breadcrumb"},"inLanguage":"en-US","potentialAction":[{"@type":"ReadAction","target":["https:\/\/panawi.com\/en\/producto\/totem-bag-creativo-para-fans-del-diseno-visual\/"]}]},{"@type":"ImageObject","inLanguage":"en-US","@id":"https:\/\/panawi.com\/en\/producto\/totem-bag-creativo-para-fans-del-diseno-visual\/#primaryimage","url":"https:\/\/panawi.com\/wp-content\/uploads\/2024\/11\/Leonardo_Vision_XL_Una_bolsa_Totem_creativa_de_estilo_moderno_0.jpg","contentUrl":"https:\/\/panawi.com\/wp-content\/uploads\/2024\/11\/Leonardo_Vision_XL_Una_bolsa_Totem_creativa_de_estilo_moderno_0.jpg","width":1792,"height":1456},{"@type":"BreadcrumbList","@id":"https:\/\/panawi.com\/en\/producto\/totem-bag-creativo-para-fans-del-diseno-visual\/#breadcrumb","itemListElement":[{"@type":"ListItem","position":1,"name":"Portada","item":"https:\/\/panawi.com\/en\/"},{"@type":"ListItem","position":2,"name":"Tienda","item":"https:\/\/panawi.com\/tienda\/"},{"@type":"ListItem","position":3,"name":"Totem Bag Creativo para Fans del Dise\u00f1o Visual"}]},{"@type":"WebSite","@id":"https:\/\/panawi.com\/en\/#website","url":"https:\/\/panawi.com\/en\/","name":"panawi","description":"","potentialAction":[{"@type":"SearchAction","target":{"@type":"EntryPoint","urlTemplate":"https:\/\/panawi.com\/en\/?s={search_term_string}"},"query-input":{"@type":"PropertyValueSpecification","valueRequired":true,"valueName":"search_term_string"}}],"inLanguage":"en-US"}]}},"_links":{"self":[{"href":"https:\/\/panawi.com\/en\/wp-json\/wp\/v2\/product\/528","targetHints":{"allow":["GET"]}}],"collection":[{"href":"https:\/\/panawi.com\/en\/wp-json\/wp\/v2\/product"}],"about":[{"href":"https:\/\/panawi.com\/en\/wp-json\/wp\/v2\/types\/product"}],"replies":[{"embeddable":true,"href":"https:\/\/panawi.com\/en\/wp-json\/wp\/v2\/comments?post=528"}],"wp:featuredmedia":[{"embeddable":true,"href":"https:\/\/panawi.com\/en\/wp-json\/wp\/v2\/media\/529"}],"wp:attachment":[{"href":"https:\/\/panawi.com\/en\/wp-json\/wp\/v2\/media?parent=528"}],"wp:term":[{"taxonomy":"marca","embeddable":true,"href":"https:\/\/panawi.com\/en\/wp-json\/wp\/v2\/marca?post=528"},{"taxonomy":"product_brand","embeddable":true,"href":"https:\/\/panawi.com\/en\/wp-json\/wp\/v2\/product_brand?post=528"},{"taxonomy":"product_cat","embeddable":true,"href":"https:\/\/panawi.com\/en\/wp-json\/wp\/v2\/product_cat?post=528"},{"taxonomy":"product_tag","embeddable":true,"href":"https:\/\/panawi.com\/en\/wp-json\/wp\/v2\/product_tag?post=528"}],"curies":[{"name":"wp","href":"https:\/\/api.w.org\/{rel}","templated":true}]}}