{"id":508,"date":"2024-11-05T14:14:18","date_gmt":"2024-11-05T14:14:18","guid":{"rendered":"https:\/\/panawi.com\/producto\/cuaderno-creativo-visual-impactante\/"},"modified":"2025-08-29T23:02:24","modified_gmt":"2025-08-29T23:02:24","slug":"cuaderno-creativo-visual-impactante","status":"publish","type":"product","link":"https:\/\/panawi.com\/en\/producto\/cuaderno-creativo-visual-impactante\/","title":{"rendered":"Cuaderno Creativo Visual Impactante"},"content":{"rendered":"","protected":false},"excerpt":{"rendered":"<p>Cuaderno para ideas inspiradoras en fotograf\u00eda y audiovisuales.<\/p>\n","protected":false},"featured_media":509,"comment_status":"open","ping_status":"closed","template":"","meta":{"_acf_changed":false,"iawp_total_views":2},"marca":[55,44],"product_brand":[],"product_cat":[17],"product_tag":[70,53,48],"class_list":{"0":"post-508","1":"product","2":"type-product","3":"status-publish","4":"has-post-thumbnail","6":"marca-diseno-3d","7":"marca-panawi","8":"product_cat-sin-categorizar","9":"product_tag-audiovisual","10":"product_tag-branding","11":"product_tag-fotografia","13":"first","14":"instock","15":"sale","16":"shipping-taxable","17":"purchasable","18":"product-type-simple"},"acf":[],"yoast_head":"<!-- This site is optimized with the Yoast SEO plugin v27.4 - https:\/\/yoast.com\/product\/yoast-seo-wordpress\/ -->\n<title>Cuaderno Creativo Visual Impactante - Panawi<\/title>\n<meta name=\"description\" content=\"Descubre el Cuaderno Creativo Visual Impactante en Panawi por 300,63 \u20ac. Ideal para inspirar tus ideas en fotograf\u00eda y audiovisuales. \u00a1Compra ahora y aprovecha el env\u00edo gratis y 100 d\u00edas de devoluci\u00f3n!\" \/>\n<meta name=\"robots\" content=\"index, follow, max-snippet:-1, max-image-preview:large, max-video-preview:-1\" \/>\n<link rel=\"canonical\" href=\"https:\/\/panawi.com\/en\/producto\/cuaderno-creativo-visual-impactante\/\" \/>\n<meta property=\"og:locale\" content=\"en_US\" \/>\n<meta property=\"og:type\" content=\"article\" \/>\n<meta property=\"og:title\" content=\"Cuaderno Creativo Visual Impactante - Panawi\" \/>\n<meta property=\"og:description\" content=\"Descubre el Cuaderno Creativo Visual Impactante en Panawi por 300,63 \u20ac. Ideal para inspirar tus ideas en fotograf\u00eda y audiovisuales. \u00a1Compra ahora y aprovecha el env\u00edo gratis y 100 d\u00edas de devoluci\u00f3n!\" \/>\n<meta property=\"og:url\" content=\"https:\/\/panawi.com\/en\/producto\/cuaderno-creativo-visual-impactante\/\" \/>\n<meta property=\"og:site_name\" content=\"panawi\" \/>\n<meta property=\"article:modified_time\" content=\"2025-08-29T23:02:24+00:00\" \/>\n<meta property=\"og:image\" content=\"https:\/\/panawi.com\/wp-content\/uploads\/2024\/11\/portfoliochil-11-20.jpg\" \/>\n\t<meta property=\"og:image:width\" content=\"1512\" \/>\n\t<meta property=\"og:image:height\" content=\"851\" \/>\n\t<meta property=\"og:image:type\" content=\"image\/jpeg\" \/>\n<meta name=\"twitter:card\" content=\"summary_large_image\" \/>\n<!-- \/ Yoast SEO plugin. -->","yoast_head_json":{"title":"Cuaderno Creativo Visual Impactante - Panawi","description":"Descubre el Cuaderno Creativo Visual Impactante en Panawi por 300,63 \u20ac. Ideal para inspirar tus ideas en fotograf\u00eda y audiovisuales. \u00a1Compra ahora y aprovecha el env\u00edo gratis y 100 d\u00edas de devoluci\u00f3n!","robots":{"index":"index","follow":"follow","max-snippet":"max-snippet:-1","max-image-preview":"max-image-preview:large","max-video-preview":"max-video-preview:-1"},"canonical":"https:\/\/panawi.com\/en\/producto\/cuaderno-creativo-visual-impactante\/","og_locale":"en_US","og_type":"article","og_title":"Cuaderno Creativo Visual Impactante - Panawi","og_description":"Descubre el Cuaderno Creativo Visual Impactante en Panawi por 300,63 \u20ac. Ideal para inspirar tus ideas en fotograf\u00eda y audiovisuales. \u00a1Compra ahora y aprovecha el env\u00edo gratis y 100 d\u00edas de devoluci\u00f3n!","og_url":"https:\/\/panawi.com\/en\/producto\/cuaderno-creativo-visual-impactante\/","og_site_name":"panawi","article_modified_time":"2025-08-29T23:02:24+00:00","og_image":[{"width":1512,"height":851,"url":"https:\/\/panawi.com\/wp-content\/uploads\/2024\/11\/portfoliochil-11-20.jpg","type":"image\/jpeg"}],"twitter_card":"summary_large_image","schema":{"@context":"https:\/\/schema.org","@graph":[{"@type":"WebPage","@id":"https:\/\/panawi.com\/en\/producto\/cuaderno-creativo-visual-impactante\/","url":"https:\/\/panawi.com\/en\/producto\/cuaderno-creativo-visual-impactante\/","name":"Cuaderno Creativo Visual Impactante - Panawi","isPartOf":{"@id":"https:\/\/panawi.com\/en\/#website"},"primaryImageOfPage":{"@id":"https:\/\/panawi.com\/en\/producto\/cuaderno-creativo-visual-impactante\/#primaryimage"},"image":{"@id":"https:\/\/panawi.com\/en\/producto\/cuaderno-creativo-visual-impactante\/#primaryimage"},"thumbnailUrl":"https:\/\/panawi.com\/wp-content\/uploads\/2024\/11\/portfoliochil-11-20.jpg","datePublished":"2024-11-05T14:14:18+00:00","dateModified":"2025-08-29T23:02:24+00:00","description":"Descubre el Cuaderno Creativo Visual Impactante en Panawi por 300,63 \u20ac. Ideal para inspirar tus ideas en fotograf\u00eda y audiovisuales. \u00a1Compra ahora y aprovecha el env\u00edo gratis y 100 d\u00edas de devoluci\u00f3n!","breadcrumb":{"@id":"https:\/\/panawi.com\/en\/producto\/cuaderno-creativo-visual-impactante\/#breadcrumb"},"inLanguage":"en-US","potentialAction":[{"@type":"ReadAction","target":["https:\/\/panawi.com\/en\/producto\/cuaderno-creativo-visual-impactante\/"]}]},{"@type":"ImageObject","inLanguage":"en-US","@id":"https:\/\/panawi.com\/en\/producto\/cuaderno-creativo-visual-impactante\/#primaryimage","url":"https:\/\/panawi.com\/wp-content\/uploads\/2024\/11\/portfoliochil-11-20.jpg","contentUrl":"https:\/\/panawi.com\/wp-content\/uploads\/2024\/11\/portfoliochil-11-20.jpg","width":1512,"height":851},{"@type":"BreadcrumbList","@id":"https:\/\/panawi.com\/en\/producto\/cuaderno-creativo-visual-impactante\/#breadcrumb","itemListElement":[{"@type":"ListItem","position":1,"name":"Portada","item":"https:\/\/panawi.com\/en\/"},{"@type":"ListItem","position":2,"name":"Tienda","item":"https:\/\/panawi.com\/tienda\/"},{"@type":"ListItem","position":3,"name":"Cuaderno Creativo Visual Impactante"}]},{"@type":"WebSite","@id":"https:\/\/panawi.com\/en\/#website","url":"https:\/\/panawi.com\/en\/","name":"panawi","description":"","potentialAction":[{"@type":"SearchAction","target":{"@type":"EntryPoint","urlTemplate":"https:\/\/panawi.com\/en\/?s={search_term_string}"},"query-input":{"@type":"PropertyValueSpecification","valueRequired":true,"valueName":"search_term_string"}}],"inLanguage":"en-US"}]}},"_links":{"self":[{"href":"https:\/\/panawi.com\/en\/wp-json\/wp\/v2\/product\/508","targetHints":{"allow":["GET"]}}],"collection":[{"href":"https:\/\/panawi.com\/en\/wp-json\/wp\/v2\/product"}],"about":[{"href":"https:\/\/panawi.com\/en\/wp-json\/wp\/v2\/types\/product"}],"replies":[{"embeddable":true,"href":"https:\/\/panawi.com\/en\/wp-json\/wp\/v2\/comments?post=508"}],"wp:featuredmedia":[{"embeddable":true,"href":"https:\/\/panawi.com\/en\/wp-json\/wp\/v2\/media\/509"}],"wp:attachment":[{"href":"https:\/\/panawi.com\/en\/wp-json\/wp\/v2\/media?parent=508"}],"wp:term":[{"taxonomy":"marca","embeddable":true,"href":"https:\/\/panawi.com\/en\/wp-json\/wp\/v2\/marca?post=508"},{"taxonomy":"product_brand","embeddable":true,"href":"https:\/\/panawi.com\/en\/wp-json\/wp\/v2\/product_brand?post=508"},{"taxonomy":"product_cat","embeddable":true,"href":"https:\/\/panawi.com\/en\/wp-json\/wp\/v2\/product_cat?post=508"},{"taxonomy":"product_tag","embeddable":true,"href":"https:\/\/panawi.com\/en\/wp-json\/wp\/v2\/product_tag?post=508"}],"curies":[{"name":"wp","href":"https:\/\/api.w.org\/{rel}","templated":true}]}}