{"id":426,"date":"2024-11-05T14:06:40","date_gmt":"2024-11-05T14:06:40","guid":{"rendered":"https:\/\/panawi.com\/producto\/taza-creativa-panawi-3d\/"},"modified":"2025-08-29T23:03:21","modified_gmt":"2025-08-29T23:03:21","slug":"taza-creativa-panawi-3d","status":"publish","type":"product","link":"https:\/\/panawi.com\/en\/producto\/taza-creativa-panawi-3d\/","title":{"rendered":"Taza Creativa Panawi 3D"},"content":{"rendered":"","protected":false},"excerpt":{"rendered":"<p>Taza art\u00edstica 3D para inspirar a creativos.<\/p>\n","protected":false},"featured_media":427,"comment_status":"open","ping_status":"closed","template":"","meta":{"_acf_changed":false,"iawp_total_views":1},"marca":[45,44],"product_brand":[],"product_cat":[17],"product_tag":[65,58,64],"class_list":{"0":"post-426","1":"product","2":"type-product","3":"status-publish","4":"has-post-thumbnail","6":"marca-creativa","7":"marca-panawi","8":"product_cat-sin-categorizar","9":"product_tag-arte","10":"product_tag-innovacion","11":"product_tag-taza","13":"first","14":"instock","15":"sale","16":"shipping-taxable","17":"purchasable","18":"product-type-simple"},"acf":[],"yoast_head":"<!-- This site is optimized with the Yoast SEO plugin v27.4 - https:\/\/yoast.com\/product\/yoast-seo-wordpress\/ -->\n<title>Taza Creativa Panawi 3D - Compra ahora<\/title>\n<meta name=\"description\" content=\"Obt\u00e9n la Taza Creativa Panawi 3D. Dise\u00f1o art\u00edstico y precio rebajado a 390,00 \u20ac. Env\u00edo gratis y 100 d\u00edas de devoluci\u00f3n.\" \/>\n<meta name=\"robots\" content=\"index, follow, max-snippet:-1, max-image-preview:large, max-video-preview:-1\" \/>\n<link rel=\"canonical\" href=\"https:\/\/panawi.com\/en\/producto\/taza-creativa-panawi-3d\/\" \/>\n<meta property=\"og:locale\" content=\"en_US\" \/>\n<meta property=\"og:type\" content=\"article\" \/>\n<meta property=\"og:title\" content=\"Taza Creativa Panawi 3D - Compra ahora\" \/>\n<meta property=\"og:description\" content=\"Obt\u00e9n la Taza Creativa Panawi 3D. Dise\u00f1o art\u00edstico y precio rebajado a 390,00 \u20ac. Env\u00edo gratis y 100 d\u00edas de devoluci\u00f3n.\" \/>\n<meta property=\"og:url\" content=\"https:\/\/panawi.com\/en\/producto\/taza-creativa-panawi-3d\/\" \/>\n<meta property=\"og:site_name\" content=\"panawi\" \/>\n<meta property=\"article:modified_time\" content=\"2025-08-29T23:03:21+00:00\" \/>\n<meta property=\"og:image\" content=\"https:\/\/panawi.com\/wp-content\/uploads\/2024\/11\/portfoliochil-10-13.jpg\" \/>\n\t<meta property=\"og:image:width\" content=\"1512\" \/>\n\t<meta property=\"og:image:height\" content=\"851\" \/>\n\t<meta property=\"og:image:type\" content=\"image\/jpeg\" \/>\n<meta name=\"twitter:card\" content=\"summary_large_image\" \/>\n<!-- \/ Yoast SEO plugin. -->","yoast_head_json":{"title":"Taza Creativa Panawi 3D - Compra ahora","description":"Obt\u00e9n la Taza Creativa Panawi 3D. Dise\u00f1o art\u00edstico y precio rebajado a 390,00 \u20ac. Env\u00edo gratis y 100 d\u00edas de devoluci\u00f3n.","robots":{"index":"index","follow":"follow","max-snippet":"max-snippet:-1","max-image-preview":"max-image-preview:large","max-video-preview":"max-video-preview:-1"},"canonical":"https:\/\/panawi.com\/en\/producto\/taza-creativa-panawi-3d\/","og_locale":"en_US","og_type":"article","og_title":"Taza Creativa Panawi 3D - Compra ahora","og_description":"Obt\u00e9n la Taza Creativa Panawi 3D. Dise\u00f1o art\u00edstico y precio rebajado a 390,00 \u20ac. Env\u00edo gratis y 100 d\u00edas de devoluci\u00f3n.","og_url":"https:\/\/panawi.com\/en\/producto\/taza-creativa-panawi-3d\/","og_site_name":"panawi","article_modified_time":"2025-08-29T23:03:21+00:00","og_image":[{"width":1512,"height":851,"url":"https:\/\/panawi.com\/wp-content\/uploads\/2024\/11\/portfoliochil-10-13.jpg","type":"image\/jpeg"}],"twitter_card":"summary_large_image","schema":{"@context":"https:\/\/schema.org","@graph":[{"@type":"WebPage","@id":"https:\/\/panawi.com\/en\/producto\/taza-creativa-panawi-3d\/","url":"https:\/\/panawi.com\/en\/producto\/taza-creativa-panawi-3d\/","name":"Taza Creativa Panawi 3D - Compra ahora","isPartOf":{"@id":"https:\/\/panawi.com\/en\/#website"},"primaryImageOfPage":{"@id":"https:\/\/panawi.com\/en\/producto\/taza-creativa-panawi-3d\/#primaryimage"},"image":{"@id":"https:\/\/panawi.com\/en\/producto\/taza-creativa-panawi-3d\/#primaryimage"},"thumbnailUrl":"https:\/\/panawi.com\/wp-content\/uploads\/2024\/11\/portfoliochil-10-13.jpg","datePublished":"2024-11-05T14:06:40+00:00","dateModified":"2025-08-29T23:03:21+00:00","description":"Obt\u00e9n la Taza Creativa Panawi 3D. Dise\u00f1o art\u00edstico y precio rebajado a 390,00 \u20ac. Env\u00edo gratis y 100 d\u00edas de devoluci\u00f3n.","breadcrumb":{"@id":"https:\/\/panawi.com\/en\/producto\/taza-creativa-panawi-3d\/#breadcrumb"},"inLanguage":"en-US","potentialAction":[{"@type":"ReadAction","target":["https:\/\/panawi.com\/en\/producto\/taza-creativa-panawi-3d\/"]}]},{"@type":"ImageObject","inLanguage":"en-US","@id":"https:\/\/panawi.com\/en\/producto\/taza-creativa-panawi-3d\/#primaryimage","url":"https:\/\/panawi.com\/wp-content\/uploads\/2024\/11\/portfoliochil-10-13.jpg","contentUrl":"https:\/\/panawi.com\/wp-content\/uploads\/2024\/11\/portfoliochil-10-13.jpg","width":1512,"height":851},{"@type":"BreadcrumbList","@id":"https:\/\/panawi.com\/en\/producto\/taza-creativa-panawi-3d\/#breadcrumb","itemListElement":[{"@type":"ListItem","position":1,"name":"Portada","item":"https:\/\/panawi.com\/en\/"},{"@type":"ListItem","position":2,"name":"Tienda","item":"https:\/\/panawi.com\/tienda\/"},{"@type":"ListItem","position":3,"name":"Taza Creativa Panawi 3D"}]},{"@type":"WebSite","@id":"https:\/\/panawi.com\/en\/#website","url":"https:\/\/panawi.com\/en\/","name":"panawi","description":"","potentialAction":[{"@type":"SearchAction","target":{"@type":"EntryPoint","urlTemplate":"https:\/\/panawi.com\/en\/?s={search_term_string}"},"query-input":{"@type":"PropertyValueSpecification","valueRequired":true,"valueName":"search_term_string"}}],"inLanguage":"en-US"}]}},"_links":{"self":[{"href":"https:\/\/panawi.com\/en\/wp-json\/wp\/v2\/product\/426","targetHints":{"allow":["GET"]}}],"collection":[{"href":"https:\/\/panawi.com\/en\/wp-json\/wp\/v2\/product"}],"about":[{"href":"https:\/\/panawi.com\/en\/wp-json\/wp\/v2\/types\/product"}],"replies":[{"embeddable":true,"href":"https:\/\/panawi.com\/en\/wp-json\/wp\/v2\/comments?post=426"}],"wp:featuredmedia":[{"embeddable":true,"href":"https:\/\/panawi.com\/en\/wp-json\/wp\/v2\/media\/427"}],"wp:attachment":[{"href":"https:\/\/panawi.com\/en\/wp-json\/wp\/v2\/media?parent=426"}],"wp:term":[{"taxonomy":"marca","embeddable":true,"href":"https:\/\/panawi.com\/en\/wp-json\/wp\/v2\/marca?post=426"},{"taxonomy":"product_brand","embeddable":true,"href":"https:\/\/panawi.com\/en\/wp-json\/wp\/v2\/product_brand?post=426"},{"taxonomy":"product_cat","embeddable":true,"href":"https:\/\/panawi.com\/en\/wp-json\/wp\/v2\/product_cat?post=426"},{"taxonomy":"product_tag","embeddable":true,"href":"https:\/\/panawi.com\/en\/wp-json\/wp\/v2\/product_tag?post=426"}],"curies":[{"name":"wp","href":"https:\/\/api.w.org\/{rel}","templated":true}]}}