{"id":930,"date":"2024-11-20T09:18:57","date_gmt":"2024-11-20T09:18:57","guid":{"rendered":"https:\/\/panawi.com\/servicios\/"},"modified":"2025-08-29T23:01:16","modified_gmt":"2025-08-29T23:01:16","slug":"servicios","status":"publish","type":"page","link":"https:\/\/panawi.com\/en\/servicios\/","title":{"rendered":"Servicios"},"content":{"rendered":"<section class=\"header_curvy1_30_2 background-1-dark\" id=\"\" data-block-id=\"69e38ebe3582269e38ebe35823\" data-block-name=\"acf\/header-curvy1-30-2\" data-post-id=\"930\" data-stable-id=\"block_abc8d23ad703a08f3d857d4fb39aa707\">\r\n    <div class=\"container\">\r\n        <div class=\"row\">\r\n            <div class=\"col\">\r\n                                <div class=\"subtitulo tamano6-boldcta color-4-headings-light\">Creatividad sin l\u00edmites<\/div>\r\n                                <h1 class=\"tamano1 color-2-headings-light\">Impacta<\/h1>\r\n            <\/div>\r\n        <\/div>\r\n    <\/div>\r\n<\/section>\r\n<style>\r\n    .header_curvy1_30_2 .col .subtitulo {\r\n        text-align: center;\r\n        padding-bottom: 25px;\r\n    }\r\n\r\n    .header_curvy1_30_2 .col h1 {\r\n        text-align: center;\r\n    }\r\n\r\n    .header_curvy1_30_2 .col {\r\n        max-width: 1230px;\r\n        margin: 0 auto;\r\n    }\r\n\r\n    .header_curvy1_30_2 {\r\n        padding: 200px 0 55px 0;\r\n    }\r\n\r\n    @media (max-width:1200px) {\r\n        .header_curvy1_30_2 {\r\n            padding: 120px 0 35px 0;\r\n        }\r\n    }\r\n\r\n    @media (max-width:768px) {\r\n        .header_curvy1_30_2 h1 {\r\n            line-height: var(--tamano3-line-height);\r\n        }\r\n    }\r\n<\/style>\r\n<section class=\"services_20_1 background-1-light\" id=\"\" data-block-id=\"69e38ebe364a669e38ebe364a7\" data-block-name=\"acf\/services-20-1\" data-post-id=\"930\" data-stable-id=\"block_8c29cf2b4b329d3d1671cffa94af5e90\">\r\n    <div class=\"container-full\">\r\n        <div class=\"row\">\r\n            <div class=\"col col-top\" data-aos=\"fade-up\">\r\n                                <h2 class=\"color-1-headings-dark tamano2\">Servicios Visuales<\/h2>\r\n                            <\/div>\r\n        <\/div>\r\n        <div class=\"row row-servicios\">\r\n            <div class=\"col col-servicios\">\r\n\r\n                                                                                                            <div class=\"servicio-item\" data-aos=\"fade-up\">\r\n                                                        <div class=\"left\" style=\"background-image:url('https:\/\/panawi.com\/wp-content\/uploads\/2024\/11\/Leonardo_Vision_XL_Crea_una_imagen_elegante_y_moderna_que_repr_0.jpg');\"\r\n                                aria-label=\"Creatividad en servicios visuales \u00fanicos\">\r\n\r\n                            <\/div>\r\n                                                        <div class=\"meta background-1-light\">\r\n                                <div class=\"top\">\r\n                                                                        <h3 class=\"tamano4 color-1-headings-dark\">Servicios Creativos<\/h3>\r\n                                                                                                            <div class=\"texto tamano7 color-1-headings-dark\"><p>Transformamos ideas en experiencias visuales \u00fanicas. Branding, fotograf\u00eda y dise\u00f1o 3D para tu marca. \u00a1Eleva tu presencia visual!<\/p>\n<\/div>\r\n                                                                    <\/div>\r\n                                                                <a href=\"#\" target=\"\" class=\"btn-round tamano-7-mediumcta color-boton-2-texto-normal color-boton-2-texto-hover color-boton-2-normal color-boton-2-hover\">\r\n    \r\n    <span>Descubre m\u00e1s<\/span>\r\n<\/a>\r\n\r\n<style>\r\n    .btn-border-rounded {\r\n        border-radius: 12px !important;\r\n    }\r\n\r\n    .btn-border-square {\r\n        border-radius: 0 !important;\r\n    }\r\n\r\n    \/* Estilos de hover *\/\r\n    .btn-hover-hover1:hover {\r\n        filter: contrast(0.55);\r\n    }\r\n\r\n    .btn-hover-hover2:hover {\r\n        filter: sepia(2);\r\n    }\r\n\r\n    \/* Estilos del icono cuando existe *\/\r\n    a i {\r\n        margin-right: 8px;\r\n        font-size: 16px;\r\n    }\r\n\r\n    \/* Icono Lucide *\/\r\n    .btn-icon--lucide {\r\n        display: inline-flex;\r\n        align-items: center;\r\n        justify-content: center;\r\n        margin-right: 8px;\r\n    }\r\n\r\n    .btn-icon--lucide svg {\r\n        width: 16px;\r\n        height: 16px;\r\n        display: block;\r\n    }\r\n<\/style>\r\n                                                            <\/div>\r\n                        <\/div>\r\n                                                                        <div class=\"servicio-item\" data-aos=\"fade-up\">\r\n                                                        <div class=\"left\" style=\"background-image:url('https:\/\/panawi.com\/wp-content\/uploads\/2024\/11\/Leonardo_Vision_XL_Crear_una_imagen_vibrante_y_dinmica_que_com_0.jpg');\"\r\n                                aria-label=\"Servicios creativos visuales \u00fanicos\">\r\n\r\n                            <\/div>\r\n                                                        <div class=\"meta background-1-light\">\r\n                                <div class=\"top\">\r\n                                                                        <h3 class=\"tamano4 color-1-headings-dark\">Branding Visual<\/h3>\r\n                                                                                                            <div class=\"texto tamano7 color-1-headings-dark\"><p>Transformamos conceptos en experiencias visuales \u00fanicas. Mezclamos dise\u00f1o, fotograf\u00eda y streaming para potenciar tu marca con autenticidad y estilo.<\/p>\n<\/div>\r\n                                                                    <\/div>\r\n                                                                <a href=\"#\" target=\"\" class=\"btn-round tamano-7-mediumcta color-boton-2-texto-normal color-boton-2-texto-hover color-boton-2-normal color-boton-2-hover\">\r\n    \r\n    <span>Ver m\u00e1s<\/span>\r\n<\/a>\r\n\r\n<style>\r\n    .btn-border-rounded {\r\n        border-radius: 12px !important;\r\n    }\r\n\r\n    .btn-border-square {\r\n        border-radius: 0 !important;\r\n    }\r\n\r\n    \/* Estilos de hover *\/\r\n    .btn-hover-hover1:hover {\r\n        filter: contrast(0.55);\r\n    }\r\n\r\n    .btn-hover-hover2:hover {\r\n        filter: sepia(2);\r\n    }\r\n\r\n    \/* Estilos del icono cuando existe *\/\r\n    a i {\r\n        margin-right: 8px;\r\n        font-size: 16px;\r\n    }\r\n\r\n    \/* Icono Lucide *\/\r\n    .btn-icon--lucide {\r\n        display: inline-flex;\r\n        align-items: center;\r\n        justify-content: center;\r\n        margin-right: 8px;\r\n    }\r\n\r\n    .btn-icon--lucide svg {\r\n        width: 16px;\r\n        height: 16px;\r\n        display: block;\r\n    }\r\n<\/style>\r\n                                                            <\/div>\r\n                        <\/div>\r\n                                                                        <div class=\"servicio-item\" data-aos=\"fade-up\">\r\n                                                        <div class=\"left\" style=\"background-image:url('https:\/\/panawi.com\/wp-content\/uploads\/2024\/11\/Leonardo_Vision_XL_Crea_una_imagen_vibrante_y_moderna_que_repr_0.jpg');\"\r\n                                aria-label=\"Potencia tu marca visualmente\">\r\n\r\n                            <\/div>\r\n                                                        <div class=\"meta background-1-light\">\r\n                                <div class=\"top\">\r\n                                                                        <h3 class=\"tamano4 color-1-headings-dark\">Visualiza tu marca<\/h3>\r\n                                                                                                            <div class=\"texto tamano7 color-1-headings-dark\"><p>Transformamos ideas en experiencias visuales \u00fanicas. Fotograf\u00eda, 3D y streaming con esencia y autenticidad para potenciar tu marca.<\/p>\n<\/div>\r\n                                                                    <\/div>\r\n                                                                <a href=\"#\" target=\"\" class=\"btn-round tamano-7-mediumcta color-boton-2-texto-normal color-boton-2-texto-hover color-boton-2-normal color-boton-2-hover\">\r\n    \r\n    <span>Descubre m\u00e1s<\/span>\r\n<\/a>\r\n\r\n<style>\r\n    .btn-border-rounded {\r\n        border-radius: 12px !important;\r\n    }\r\n\r\n    .btn-border-square {\r\n        border-radius: 0 !important;\r\n    }\r\n\r\n    \/* Estilos de hover *\/\r\n    .btn-hover-hover1:hover {\r\n        filter: contrast(0.55);\r\n    }\r\n\r\n    .btn-hover-hover2:hover {\r\n        filter: sepia(2);\r\n    }\r\n\r\n    \/* Estilos del icono cuando existe *\/\r\n    a i {\r\n        margin-right: 8px;\r\n        font-size: 16px;\r\n    }\r\n\r\n    \/* Icono Lucide *\/\r\n    .btn-icon--lucide {\r\n        display: inline-flex;\r\n        align-items: center;\r\n        justify-content: center;\r\n        margin-right: 8px;\r\n    }\r\n\r\n    .btn-icon--lucide svg {\r\n        width: 16px;\r\n        height: 16px;\r\n        display: block;\r\n    }\r\n<\/style>\r\n                                                            <\/div>\r\n                        <\/div>\r\n                                                                        <div class=\"servicio-item\" data-aos=\"fade-up\">\r\n                                                        <div class=\"left\" style=\"background-image:url('https:\/\/panawi.com\/wp-content\/uploads\/2024\/11\/Leonardo_Vision_XL_Una_imagen_vibrante_y_contempornea_combinan_0.jpg');\"\r\n                                aria-label=\"Personaliza tus proyectos visuales\">\r\n\r\n                            <\/div>\r\n                                                        <div class=\"meta background-1-light\">\r\n                                <div class=\"top\">\r\n                                                                        <h3 class=\"tamano4 color-1-headings-dark\">Impacto Visual<\/h3>\r\n                                                                                                            <div class=\"texto tamano7 color-1-headings-dark\"><p>Transformamos ideas en experiencias visuales \u00fanicas. Branding, 3D y fotograf\u00eda que reflejan tu esencia. Personaliza tus proyectos con Paola.<\/p>\n<\/div>\r\n                                                                    <\/div>\r\n                                                                <a href=\"#\" target=\"\" class=\"btn-round tamano-7-mediumcta color-boton-2-texto-normal color-boton-2-texto-hover color-boton-2-normal color-boton-2-hover\">\r\n    \r\n    <span>Desc\u00fabrelo<\/span>\r\n<\/a>\r\n\r\n<style>\r\n    .btn-border-rounded {\r\n        border-radius: 12px !important;\r\n    }\r\n\r\n    .btn-border-square {\r\n        border-radius: 0 !important;\r\n    }\r\n\r\n    \/* Estilos de hover *\/\r\n    .btn-hover-hover1:hover {\r\n        filter: contrast(0.55);\r\n    }\r\n\r\n    .btn-hover-hover2:hover {\r\n        filter: sepia(2);\r\n    }\r\n\r\n    \/* Estilos del icono cuando existe *\/\r\n    a i {\r\n        margin-right: 8px;\r\n        font-size: 16px;\r\n    }\r\n\r\n    \/* Icono Lucide *\/\r\n    .btn-icon--lucide {\r\n        display: inline-flex;\r\n        align-items: center;\r\n        justify-content: center;\r\n        margin-right: 8px;\r\n    }\r\n\r\n    .btn-icon--lucide svg {\r\n        width: 16px;\r\n        height: 16px;\r\n        display: block;\r\n    }\r\n<\/style>\r\n                                                            <\/div>\r\n                        <\/div>\r\n                                                                        <\/div>\r\n        <\/div>\r\n                <div class=\"row row-cta\" data-aos=\"fade-up\">\r\n            <div class=\"col\">\r\n                <a href=\"#\" target=\"\" class=\"btn-round tamano-7-mediumcta color-boton-2-texto-normal color-boton-2-texto-hover color-boton-2-normal color-boton-2-hover\">\r\n    \r\n    <span>Ver m\u00e1s<\/span>\r\n<\/a>\r\n\r\n<style>\r\n    .btn-border-rounded {\r\n        border-radius: 12px !important;\r\n    }\r\n\r\n    .btn-border-square {\r\n        border-radius: 0 !important;\r\n    }\r\n\r\n    \/* Estilos de hover *\/\r\n    .btn-hover-hover1:hover {\r\n        filter: contrast(0.55);\r\n    }\r\n\r\n    .btn-hover-hover2:hover {\r\n        filter: sepia(2);\r\n    }\r\n\r\n    \/* Estilos del icono cuando existe *\/\r\n    a i {\r\n        margin-right: 8px;\r\n        font-size: 16px;\r\n    }\r\n\r\n    \/* Icono Lucide *\/\r\n    .btn-icon--lucide {\r\n        display: inline-flex;\r\n        align-items: center;\r\n        justify-content: center;\r\n        margin-right: 8px;\r\n    }\r\n\r\n    .btn-icon--lucide svg {\r\n        width: 16px;\r\n        height: 16px;\r\n        display: block;\r\n    }\r\n<\/style>\r\n            <\/div>\r\n        <\/div>\r\n            <\/div>\r\n<\/section>\r\n<style>\r\n    .services_20_1 .btn-round {\r\n        border-radius: 60px;\r\n        padding: 12px 25px;\r\n        display: inline-block;\r\n        margin-top: 30px;\r\n        min-width: 175px;\r\n        text-align: center;\r\n        transition: all ease .3s;\r\n        text-decoration: none;\r\n    }\r\n\r\n    .services_20_1 .row-cta {\r\n        text-align: center;\r\n        margin-top: 50px;\r\n    }\r\n\r\n    .services_20_1 .servicio-item .texto *:last-child {\r\n        padding-bottom: 0;\r\n    }\r\n\r\n    .services_20_1 .servicio-item .texto ul,\r\n    .services_20_1 .servicio-item .texto ol {\r\n        padding-left: 20px;\r\n    }\r\n\r\n    .services_20_1 .servicio-item .texto>* {\r\n        padding-bottom: 20px;\r\n    }\r\n\r\n    .services_20_1 .servicio-item .meta {\r\n        width: 50%;\r\n        padding: 0 70px;\r\n        display: flex;\r\n        flex-direction: column;\r\n        align-items: flex-start;\r\n        justify-content: center;\r\n        padding-left: 9%;\r\n    }\r\n\r\n    .services_20_1 .servicio-item .left {\r\n        width: 50%;\r\n        background-position: center;\r\n        background-repeat: no-repeat;\r\n        background-size: cover;\r\n    }\r\n\r\n    .services_20_1 .servicio-item .left.video {\r\n        position: relative;\r\n        overflow: hidden;\r\n    }\r\n\r\n    .services_20_1 .servicio-item .left.video iframe {\r\n        width: 100%;\r\n        height: 100%;\r\n        position: absolute;\r\n        top: 0;\r\n        left: 0;\r\n        border: none;\r\n    }\r\n\r\n    .services_20_1 .servicio-item:nth-child(even) .meta {\r\n        background-color: var(--background-1-dark);\r\n    }\r\n\r\n    .services_20_1 .servicio-item:nth-child(even) .btn-round:hover {\r\n        background: var(--color-boton-3-hover);\r\n        color: var(--color-boton-3-texto-hover);\r\n    }\r\n\r\n    .services_20_1 .servicio-item:nth-child(even) .btn-round {\r\n        background: var(--color-boton-3-normal);\r\n        color: var(--color-boton-3-texto-normal);\r\n    }\r\n\r\n    .services_20_1 .servicio-item:nth-child(even) .meta .texto * {\r\n        color: var(--color-2-body-light);\r\n    }\r\n\r\n    .services_20_1 .servicio-item:nth-child(even) .meta h3 {\r\n        color: var(--color-2-headings-light);\r\n    }\r\n\r\n    .services_20_1 .servicio-item:nth-child(odd) .meta h3 {\r\n        color: var(--color-1-headings-dark);\r\n    }\r\n\r\n    .services_20_1 .servicio-item:nth-child(odd) .meta .texto {\r\n        color: var(--color-1-body-dark)\r\n    }\r\n\r\n    \/*\r\n    .services_20_1 .servicio-item:nth-child(odd) .meta .btn-round {\r\n        background-color: var(--color-boton-1-normal);\r\n        color: var(--color-boton-1-texto-normal);\r\n    }*\/\r\n\r\n    .services_20_1 .servicio-item:nth-child(even) {\r\n        flex-direction: row-reverse;\r\n    }\r\n\r\n    .services_20_1 .col-servicios {\r\n        display: flex;\r\n        flex-direction: column;\r\n    }\r\n\r\n    .services_20_1 .servicio-item h3 {\r\n        padding-bottom: 30px;\r\n    }\r\n\r\n    .services_20_1 .servicio-item {\r\n        border-radius: 3px;\r\n        display: flex;\r\n        min-height: 673px;\r\n    }\r\n\r\n    .services_20_1 {\r\n        padding: 80px 0;\r\n    }\r\n\r\n    .services_20_1 .container {\r\n        padding: 0 !important;\r\n        max-width: 100%;\r\n    }\r\n\r\n    .services_20_1 h2 {\r\n        padding-bottom: 50px;\r\n        text-align: center;\r\n    }\r\n\r\n    .services_20_1 .row-cta {\r\n        padding-bottom: 80px;\r\n    }\r\n\r\n    .services_20_1 .row-cta a {\r\n        margin-top: 0;\r\n    }\r\n\r\n    @media (max-width:1200px) {\r\n        .services_20_1 .servicio-item {\r\n            min-height: auto;\r\n        }\r\n\r\n        .services_20_1 .servicio-item .meta {\r\n            padding: 35px;\r\n        }\r\n    }\r\n\r\n    @media (max-width:992px) {\r\n        .services_20_1 .row-cta {\r\n            padding-bottom: 40px;\r\n        }\r\n\r\n        .services_20_1 .servicio-item .left {\r\n            height: 300px;\r\n            width: 100%;\r\n            display: block;\r\n        }\r\n\r\n        .services_20_1 .servicio-item:nth-child(even),\r\n        .services_20_1 .servicio-item {\r\n            flex-direction: column;\r\n        }\r\n\r\n        .services_20_1 .servicio-item .meta {\r\n            padding: 20px 20px 35px;\r\n            width: 100%;\r\n        }\r\n\r\n        .services_20_1 h2 {\r\n            padding-bottom: 35px;\r\n        }\r\n\r\n        .services_20_1 {\r\n            padding: 40px 0;\r\n        }\r\n    }\r\n\r\n    @media (max-width:768px) {\r\n        .services_20_1 {\r\n            overflow: hidden;\r\n        }\r\n    }\r\n<\/style>\r\n","protected":false},"excerpt":{"rendered":"","protected":false},"author":0,"featured_media":0,"parent":0,"menu_order":0,"comment_status":"open","ping_status":"closed","template":"","meta":{"_acf_changed":false,"iawp_total_views":1,"footnotes":""},"class_list":["post-930","page","type-page","status-publish","hentry"],"acf":[],"yoast_head":"<!-- This site is optimized with the Yoast SEO plugin v27.4 - https:\/\/yoast.com\/product\/yoast-seo-wordpress\/ -->\n<title>Descubre Page - panawi<\/title>\n<meta name=\"description\" content=\"Explora todo sobre Page en nuestro sitio panawi. Informaci\u00f3n detallada y completa para satisfacer tu curiosidad.\" \/>\n<meta name=\"robots\" content=\"index, follow, max-snippet:-1, max-image-preview:large, max-video-preview:-1\" \/>\n<link rel=\"canonical\" href=\"https:\/\/panawi.com\/en\/servicios\/\" \/>\n<meta property=\"og:locale\" content=\"en_US\" \/>\n<meta property=\"og:type\" content=\"article\" \/>\n<meta property=\"og:title\" content=\"Descubre Page - panawi\" \/>\n<meta property=\"og:description\" content=\"Explora todo sobre Page en nuestro sitio panawi. Informaci\u00f3n detallada y completa para satisfacer tu curiosidad.\" \/>\n<meta property=\"og:url\" content=\"https:\/\/panawi.com\/en\/servicios\/\" \/>\n<meta property=\"og:site_name\" content=\"panawi\" \/>\n<meta property=\"article:modified_time\" content=\"2025-08-29T23:01:16+00:00\" \/>\n<meta name=\"twitter:card\" content=\"summary_large_image\" \/>\n<!-- \/ Yoast SEO plugin. -->","yoast_head_json":{"title":"Descubre Page - panawi","description":"Explora todo sobre Page en nuestro sitio panawi. Informaci\u00f3n detallada y completa para satisfacer tu curiosidad.","robots":{"index":"index","follow":"follow","max-snippet":"max-snippet:-1","max-image-preview":"max-image-preview:large","max-video-preview":"max-video-preview:-1"},"canonical":"https:\/\/panawi.com\/en\/servicios\/","og_locale":"en_US","og_type":"article","og_title":"Descubre Page - panawi","og_description":"Explora todo sobre Page en nuestro sitio panawi. Informaci\u00f3n detallada y completa para satisfacer tu curiosidad.","og_url":"https:\/\/panawi.com\/en\/servicios\/","og_site_name":"panawi","article_modified_time":"2025-08-29T23:01:16+00:00","twitter_card":"summary_large_image","schema":{"@context":"https:\/\/schema.org","@graph":[{"@type":"WebPage","@id":"https:\/\/panawi.com\/en\/servicios\/","url":"https:\/\/panawi.com\/en\/servicios\/","name":"Descubre Page - panawi","isPartOf":{"@id":"https:\/\/panawi.com\/en\/#website"},"datePublished":"2024-11-20T09:18:57+00:00","dateModified":"2025-08-29T23:01:16+00:00","description":"Explora todo sobre Page en nuestro sitio panawi. Informaci\u00f3n detallada y completa para satisfacer tu curiosidad.","breadcrumb":{"@id":"https:\/\/panawi.com\/en\/servicios\/#breadcrumb"},"inLanguage":"en-US","potentialAction":[{"@type":"ReadAction","target":["https:\/\/panawi.com\/en\/servicios\/"]}]},{"@type":"BreadcrumbList","@id":"https:\/\/panawi.com\/en\/servicios\/#breadcrumb","itemListElement":[{"@type":"ListItem","position":1,"name":"Portada","item":"https:\/\/panawi.com\/en\/"},{"@type":"ListItem","position":2,"name":"Servicios"}]},{"@type":"WebSite","@id":"https:\/\/panawi.com\/en\/#website","url":"https:\/\/panawi.com\/en\/","name":"panawi","description":"","potentialAction":[{"@type":"SearchAction","target":{"@type":"EntryPoint","urlTemplate":"https:\/\/panawi.com\/en\/?s={search_term_string}"},"query-input":{"@type":"PropertyValueSpecification","valueRequired":true,"valueName":"search_term_string"}}],"inLanguage":"en-US"}]}},"_links":{"self":[{"href":"https:\/\/panawi.com\/en\/wp-json\/wp\/v2\/pages\/930","targetHints":{"allow":["GET"]}}],"collection":[{"href":"https:\/\/panawi.com\/en\/wp-json\/wp\/v2\/pages"}],"about":[{"href":"https:\/\/panawi.com\/en\/wp-json\/wp\/v2\/types\/page"}],"replies":[{"embeddable":true,"href":"https:\/\/panawi.com\/en\/wp-json\/wp\/v2\/comments?post=930"}],"version-history":[{"count":4,"href":"https:\/\/panawi.com\/en\/wp-json\/wp\/v2\/pages\/930\/revisions"}],"predecessor-version":[{"id":1187,"href":"https:\/\/panawi.com\/en\/wp-json\/wp\/v2\/pages\/930\/revisions\/1187"}],"wp:attachment":[{"href":"https:\/\/panawi.com\/en\/wp-json\/wp\/v2\/media?parent=930"}],"curies":[{"name":"wp","href":"https:\/\/api.w.org\/{rel}","templated":true}]}}